{"id":16,"date":"2015-06-09T09:31:36","date_gmt":"2015-06-09T09:31:36","guid":{"rendered":"http:\/\/www.safedemat.com\/pre\/?page_id=16"},"modified":"2018-09-05T11:54:58","modified_gmt":"2018-09-05T11:54:58","slug":"safeexchange","status":"publish","type":"page","link":"https:\/\/www.safedemat.com\/?page_id=16","title":{"rendered":"SafeExchange"},"content":{"rendered":"<section class=\"columns no-bottom-margin\">\n<article class=\"col col23\">\n<section class=\"slider3\"><div class=\"slider\">\n<article><img loading=\"lazy\" decoding=\"async\" src=\"https:\/\/www.safedemat.com\/wp-content\/uploads\/2015\/06\/safeexchange1.jpg\" width=\"730\" height=\"370\"\/><\/article>\n<article><img loading=\"lazy\" decoding=\"async\" src=\"https:\/\/www.safedemat.com\/wp-content\/uploads\/2015\/06\/safeexchange2.jpg\" width=\"730\" height=\"370\"\/><\/article>\n<article><img loading=\"lazy\" decoding=\"async\" src=\"https:\/\/www.safedemat.com\/wp-content\/uploads\/2015\/06\/safeexchange3.jpg\" width=\"730\" height=\"370\"\/><\/article>\n<\/div><\/section>\n<section class=\"columns\">\n<p><strong>SafeExchange Plateforme de messagerie et d\u2019\u00e9change s\u00e9curis\u00e9e des documents \u00e9lectroniques \u00e0 valeur probante, int\u00e9grant une tra\u00e7abilit\u00e9 accrue, l\u2019int\u00e9grit\u00e9 des \u00e9changes, leur confidentialit\u00e9, leur horodatage et la non r\u00e9pudiation de leur envoi (accus\u00e9 de r\u00e9ception num\u00e9rique probant). Il s&rsquo;agit d&rsquo;un\u00a0syst\u00e8me\u00a0de messagerie offrant une\u00a0QoS\u00a0in\u00e9gal\u00e9e\u00a0et non\u00a0disponible\u00a0pour les\u00a0syst\u00e8mes\u00a0de messagerie classiques.<\/strong><\/p>\n<article class=\"col col2\">\n<h3>Pr\u00e9sentation<\/h3>\n<p><strong>SafeEXCHANGE<\/strong> est une solution sp\u00e9cialement con\u00e7ue pour s\u00e9curiser les \u00e9changes d\u00e9mat\u00e9rialis\u00e9s des entreprises qui placent la confidentialit\u00e9 et la tra\u00e7abilit\u00e9 au c\u0153ur de leurs probl\u00e9matiques d\u2019\u00e9changes.<\/p>\n<p><strong>SafeEXCHANGE<\/strong>\u00a0offre\u00a0les fonctionnalit\u00e9s suivantes : :<\/p>\n<ul>\n<li>Permet aux\u00a0collaborateurs de\u00a0d&rsquo;\u00e9changer des correspondances sensibles en toute s\u00e9curit\u00e9<\/li>\n<li>Permet de partager des fichiers avec des collaborateurs internes ou externes avec protection forte des acc\u00e8s<\/li>\n<li>Comporte un syst\u00e8me de tra\u00e7abilit\u00e9 complet.<\/li>\n<li>Int\u00e8gre nativement les fonctions d\u2019horodatage, de signature \u00e9lectronique, de\u00a0chiffrement avanc\u00e9 et d\u2019authentification forte<\/li>\n<\/ul><\/article>\n<article class=\"col col2\">\n<h3>Fonctionnalit\u00e9s<\/h3>\n\n<ul class=\"checklist tick3\">\n<li>Ergonomie utilisateur Web 2.0<\/li>\n<li>Fonctions de gestion de preuve<\/li>\n<li>Fonction de coffre-fort \u00e9lectronique en option<\/li>\n<li>S\u00e9curisation des \u00e9changes et des donn\u00e9es par chiffrement (sym\u00e9trique AES et asym\u00e9trique RSA).<\/li>\n<li>Outils de reporting et d\u2019audit<\/li>\n<li>Notification automatique par courriel\/SMS<\/li>\n<li>Accus\u00e9 de lecture\/r\u00e9ception num\u00e9rique probant<\/li>\n<li>API de communication en Web Service.<\/li>\n<li>Authentification interne (LDAP, AD) ou par SSO ou par tokens cryptographique mat\u00e9riels<\/li>\n<li>Historique complet et scell\u00e9 des actions utilisateur<\/li>\n<li>Interface graphique personnalisable.<\/li>\n<li>Gestion et utilisation par multi-domaines.<\/li>\n<li>D\u00e9ploy\u00e9e en mode SaaS ou en h\u00e9bergement interne<\/li>\n<li>Facilit\u00e9 d\u2019int\u00e9gration, sans modification de l\u2019application m\u00e9tier (non intrusive)<\/li>\n<li>Ind\u00e9pendance vis-\u00e0-vis des syst\u00e8mes d\u2019exploitation.<\/li>\n<\/ul><\/article>\n<p>&nbsp;<\/p>\n<article class=\"col col2\">\n<h3>S\u00e9curit\u00e9<\/h3>\n<p><strong>SafeEXCHANGE<\/strong> incorpore les Fonctions de chiffrement, d\u00e9chiffrement, signature, validation de signature, constitution de preuve, horodatage, authentification par certificats \u00e9lectroniques. Ce qui assure la confidentialit\u00e9 du stockage, la confidentialit\u00e9 des flux, le contr\u00f4le d\u2019acc\u00e8s aux donn\u00e9es, le contr\u00f4le d\u2019int\u00e9grit\u00e9 des donn\u00e9es.<\/p><\/article>\n<article class=\"col col2\">\n<h3>Respect des normes internationales<\/h3>\n<p><strong>Algorithmes (non exhaustif) : <\/strong>AES (128 \u00e0 256 bits) et RSA (1024 \u00e0 4096 bits).<\/p>\n<p><strong>Technologies :<\/strong> PKCS#1, PKCS#5, PKCS#7, PKCS#11, PKCS#12, X509, RFC 3161, XADES<\/p><\/article>\n<\/section><\/article>\n<article class=\"col col3\">\n<div class=\"box-default top-border\" style=\"border-color:#70c14a;border-width:4px;\">\n<h2>Request a demo<\/h2>\n\n<div class=\"wpcf7 no-js\" id=\"wpcf7-f3703-o1\" lang=\"en-US\" dir=\"ltr\" data-wpcf7-id=\"3703\">\n<div class=\"screen-reader-response\"><p role=\"status\" aria-live=\"polite\" aria-atomic=\"true\"><\/p> <ul><\/ul><\/div>\n<form action=\"\/index.php?rest_route=%2Fwp%2Fv2%2Fpages%2F16#wpcf7-f3703-o1\" method=\"post\" class=\"wpcf7-form init\" aria-label=\"Contact form\" novalidate=\"novalidate\" data-status=\"init\">\n<fieldset class=\"hidden-fields-container\"><input type=\"hidden\" name=\"_wpcf7\" value=\"3703\" \/><input type=\"hidden\" name=\"_wpcf7_version\" value=\"6.1.5\" \/><input type=\"hidden\" name=\"_wpcf7_locale\" value=\"en_US\" \/><input type=\"hidden\" name=\"_wpcf7_unit_tag\" value=\"wpcf7-f3703-o1\" \/><input type=\"hidden\" name=\"_wpcf7_container_post\" value=\"0\" \/><input type=\"hidden\" name=\"_wpcf7_posted_data_hash\" value=\"\" \/>\n<\/fieldset>\n<p>Nom complet* <span class=\"wpcf7-form-control-wrap\" data-name=\"nom\"><input size=\"40\" maxlength=\"400\" class=\"wpcf7-form-control wpcf7-text wpcf7-validates-as-required\" aria-required=\"true\" aria-invalid=\"false\" value=\"\" type=\"text\" name=\"nom\" \/><\/span>\n<\/p>\n<p>Soci\u00e9t\u00e9* <span class=\"wpcf7-form-control-wrap\" data-name=\"societe\"><input size=\"40\" maxlength=\"400\" class=\"wpcf7-form-control wpcf7-text wpcf7-validates-as-required\" aria-required=\"true\" aria-invalid=\"false\" value=\"\" type=\"text\" name=\"societe\" \/><\/span>\n<\/p>\n<hr \/>\n<p>T\u00e9l\u00e9phone* <span class=\"wpcf7-form-control-wrap\" data-name=\"telephone\"><input size=\"40\" maxlength=\"400\" class=\"wpcf7-form-control wpcf7-text wpcf7-validates-as-required\" aria-required=\"true\" aria-invalid=\"false\" value=\"\" type=\"text\" name=\"telephone\" \/><\/span>\n<\/p>\n<p>Email* <span class=\"wpcf7-form-control-wrap\" data-name=\"email\"><input size=\"40\" maxlength=\"400\" class=\"wpcf7-form-control wpcf7-email wpcf7-validates-as-required wpcf7-text wpcf7-validates-as-email\" aria-required=\"true\" aria-invalid=\"false\" value=\"\" type=\"email\" name=\"email\" \/><\/span>\n<\/p>\n<p>Message <span class=\"wpcf7-form-control-wrap\" data-name=\"message\"><textarea cols=\"40\" rows=\"10\" maxlength=\"2000\" class=\"wpcf7-form-control wpcf7-textarea\" aria-invalid=\"false\" name=\"message\"><\/textarea><\/span>\n<\/p>\n<p><input class=\"wpcf7-form-control wpcf7-submit has-spinner\" type=\"submit\" value=\"Request\" \/>\n<\/p><div class=\"wpcf7-response-output\" aria-hidden=\"true\"><\/div>\n<\/form>\n<\/div>\n\n<\/div>\n<p>&nbsp;<\/p>\n<p><a href=\"http:\/\/www.safeexchange.pro\/\" target=\"blank\"><img loading=\"lazy\" decoding=\"async\" class=\"alignnone wp-image-3837 size-full\" src=\"https:\/\/www.safedemat.com\/wp-content\/uploads\/2015\/06\/visiter-site.png\" alt=\"visiter le site\" width=\"350\" height=\"150\" \/><\/a><br \/><\/article>\n<\/section>\n<section class=\"hp-intro full-width-bg no-bottom-margin\" style=\"background-color:\t#fff\">\n\t<div class=\"custom-bg p01\"><\/div>\n\t<div class=\"content-container\">\n<p class=\"slogan\">Pour toute demande d&rsquo;information compl\u00e9mentaire<\/p>\n<p class=\"cta\"><a href=\"https:\/\/www.safedemat.com\/?page_id=953\" class=\"btn large green\" target=\"_blank\">Contactez-nous<\/a><\/p>\n<\/div>\n<\/section>\n","protected":false},"excerpt":{"rendered":"","protected":false},"author":1,"featured_media":0,"parent":4298,"menu_order":0,"comment_status":"0","ping_status":"open","template":"","meta":{"footnotes":""},"class_list":["post-16","page","type-page","status-publish","hentry"],"_links":{"self":[{"href":"https:\/\/www.safedemat.com\/index.php?rest_route=\/wp\/v2\/pages\/16","targetHints":{"allow":["GET"]}}],"collection":[{"href":"https:\/\/www.safedemat.com\/index.php?rest_route=\/wp\/v2\/pages"}],"about":[{"href":"https:\/\/www.safedemat.com\/index.php?rest_route=\/wp\/v2\/types\/page"}],"author":[{"embeddable":true,"href":"https:\/\/www.safedemat.com\/index.php?rest_route=\/wp\/v2\/users\/1"}],"replies":[{"embeddable":true,"href":"https:\/\/www.safedemat.com\/index.php?rest_route=%2Fwp%2Fv2%2Fcomments&post=16"}],"version-history":[{"count":33,"href":"https:\/\/www.safedemat.com\/index.php?rest_route=\/wp\/v2\/pages\/16\/revisions"}],"predecessor-version":[{"id":4827,"href":"https:\/\/www.safedemat.com\/index.php?rest_route=\/wp\/v2\/pages\/16\/revisions\/4827"}],"up":[{"embeddable":true,"href":"https:\/\/www.safedemat.com\/index.php?rest_route=\/wp\/v2\/pages\/4298"}],"wp:attachment":[{"href":"https:\/\/www.safedemat.com\/index.php?rest_route=%2Fwp%2Fv2%2Fmedia&parent=16"}],"curies":[{"name":"wp","href":"https:\/\/api.w.org\/{rel}","templated":true}]}}