{"id":20,"date":"2015-06-09T09:33:12","date_gmt":"2015-06-09T09:33:12","guid":{"rendered":"http:\/\/www.safedemat.com\/pre\/?page_id=20"},"modified":"2016-10-31T17:13:42","modified_gmt":"2016-10-31T17:13:42","slug":"safevault","status":"publish","type":"page","link":"https:\/\/www.safedemat.com\/?page_id=20","title":{"rendered":"SafeVAULT"},"content":{"rendered":"<section class=\"columns no-bottom-margin\">\n<article class=\"col col23\">\n<section class=\"slider3\"><div class=\"slider\">\n<article><img loading=\"lazy\" decoding=\"async\" src=\"https:\/\/www.safedemat.com\/wp-content\/uploads\/2015\/06\/safevault1.jpg\" width=\"730\" height=\"370\"\/><\/article>\n<article><img loading=\"lazy\" decoding=\"async\" src=\"https:\/\/www.safedemat.com\/wp-content\/uploads\/2015\/06\/safevault2.jpg\" width=\"730\" height=\"370\"\/><\/article>\n<article><img loading=\"lazy\" decoding=\"async\" src=\"https:\/\/www.safedemat.com\/wp-content\/uploads\/2015\/06\/safevault3.jpg\" width=\"730\" height=\"370\"\/><\/article>\n<\/div><\/section>\n<section class=\"columns\">\n<p style=\"text-align: justify;\"><strong>SafeVault est une Solution de coffre fort \u00e9lectronique et d&rsquo;archivage conforme \u00e0 la norme NFZ 42-020 pour la protection et la conservation des documents \u00e9lectroniques \u00e0 long terme.<\/strong><\/p>\n<article class=\"col col2\">\n<h3>Pr\u00e9sentation<\/h3>\n<p style=\"text-align: justify;\"><strong>SafeVAULT<\/strong> est un module logiciel de protection des contenus nume\u0301riques. Il permet une inte\u0301gration simple des fonctionnalite\u0301s de coffre fort e\u0301lectronique dans le syste\u0300me d\u2019information.<\/p>\n<p style=\"text-align: justify;\"><strong>SafeVAULT<\/strong> est une solution d\u2019infrastructure permettant de conserver de manie\u0300re se\u0301curise\u0301e des donne\u0301es ne\u0301cessitant des mesures de contro\u0302le d\u2019acce\u0300s et de trac\u0327abilite\u0301 renforce\u0301es et\/ou de conserver des documents en leur confe\u0301rant valeur probante.<\/p>\n<p style=\"text-align: justify;\"><\/article>\n<article class=\"col col2\">\n<h3>Fonctionnalit\u00e9s<\/h3>\n\n<ul class=\"checklist tick3\">\n<li>Ergonomie utilisateur<\/li>\n<li>Facilit\u00e9 d\u2019int\u00e9gration, sans modification de l\u2019application m\u00e9tier<\/li>\n<li>Fonctions de gestion de preuve<\/li>\n<li>Conservation p\u00e9renne des documents archiv\u00e9s<\/li>\n<li>Restitution intacte des archives certifi\u00e9es conformes<\/li>\n<li>Contr\u00f4le d\u2019acc\u00e8s aux documents archiv\u00e9s<\/li>\n<li>Valeur probante des archives<\/li>\n<li>Tra\u00e7abilit\u00e9 des actions effectu\u00e9es<\/li>\n<\/ul><\/article>\n<article class=\"col col2\">\n<h3>S\u00e9curit\u00e9<\/h3>\n<p style=\"text-align: justify;\"><strong>SafeVAULT<\/strong> incorpore les Fonctions de chiffrement, d\u00e9chiffrement, signature, validation de signature, constitution de preuve, horodatage, authentification par certificats \u00e9lectroniques. Ce qui assure la confidentialit\u00e9 du stockage, la confidentialit\u00e9 des flux, le contr\u00f4le d\u2019acc\u00e8s aux donn\u00e9es, le contr\u00f4le d\u2019int\u00e9grit\u00e9 des donn\u00e9es.<\/p><\/article>\n<article class=\"col col2\">\n<h3>Respects des normes internationaux<\/h3>\n<p style=\"text-align: justify;\"><strong>Algorithmes (non exhaustif) :<\/strong> AES (128 \u00e0 256 bits) et RSA (1024 \u00e0 4096 bits).<\/p>\n<p style=\"text-align: justify;\"><strong>Technologies :<\/strong> PKCS#1, PKCS#5, PKCS#11, PKCS#12, X509, RFC 3161<\/p>\n<p style=\"text-align: justify;\"><strong>Norme :<\/strong> NF Z 42-020<br \/><\/article>\n<\/section><\/article>\n<article class=\"col col3\">\n<div class=\"box-default top-border\" style=\"border-color:#70c14a;border-width:4px;\">\n<h2>Request a demo<\/h2>\n\n<div class=\"wpcf7 no-js\" id=\"wpcf7-f3712-o1\" lang=\"en-US\" dir=\"ltr\" data-wpcf7-id=\"3712\">\n<div class=\"screen-reader-response\"><p role=\"status\" aria-live=\"polite\" aria-atomic=\"true\"><\/p> <ul><\/ul><\/div>\n<form action=\"\/index.php?rest_route=%2Fwp%2Fv2%2Fpages%2F20#wpcf7-f3712-o1\" method=\"post\" class=\"wpcf7-form init\" aria-label=\"Contact form\" novalidate=\"novalidate\" data-status=\"init\">\n<fieldset class=\"hidden-fields-container\"><input type=\"hidden\" name=\"_wpcf7\" value=\"3712\" \/><input type=\"hidden\" name=\"_wpcf7_version\" value=\"6.1.5\" \/><input type=\"hidden\" name=\"_wpcf7_locale\" value=\"en_US\" \/><input type=\"hidden\" name=\"_wpcf7_unit_tag\" value=\"wpcf7-f3712-o1\" \/><input type=\"hidden\" name=\"_wpcf7_container_post\" value=\"0\" \/><input type=\"hidden\" name=\"_wpcf7_posted_data_hash\" value=\"\" \/>\n<\/fieldset>\n<p>Nom complet* <span class=\"wpcf7-form-control-wrap\" data-name=\"nom\"><input size=\"40\" maxlength=\"400\" class=\"wpcf7-form-control wpcf7-text wpcf7-validates-as-required\" aria-required=\"true\" aria-invalid=\"false\" value=\"\" type=\"text\" name=\"nom\" \/><\/span>\n<\/p>\n<p>Soci\u00e9t\u00e9* <span class=\"wpcf7-form-control-wrap\" data-name=\"societe\"><input size=\"40\" maxlength=\"400\" class=\"wpcf7-form-control wpcf7-text wpcf7-validates-as-required\" aria-required=\"true\" aria-invalid=\"false\" value=\"\" type=\"text\" name=\"societe\" \/><\/span>\n<\/p>\n<hr \/>\n<p>T\u00e9l\u00e9phone* <span class=\"wpcf7-form-control-wrap\" data-name=\"telephone\"><input size=\"40\" maxlength=\"400\" class=\"wpcf7-form-control wpcf7-text wpcf7-validates-as-required\" aria-required=\"true\" aria-invalid=\"false\" value=\"\" type=\"text\" name=\"telephone\" \/><\/span>\n<\/p>\n<p>Email* <span class=\"wpcf7-form-control-wrap\" data-name=\"email\"><input size=\"40\" maxlength=\"400\" class=\"wpcf7-form-control wpcf7-email wpcf7-validates-as-required wpcf7-text wpcf7-validates-as-email\" aria-required=\"true\" aria-invalid=\"false\" value=\"\" type=\"email\" name=\"email\" \/><\/span>\n<\/p>\n<p>Message <span class=\"wpcf7-form-control-wrap\" data-name=\"message\"><textarea cols=\"40\" rows=\"10\" maxlength=\"2000\" class=\"wpcf7-form-control wpcf7-textarea\" aria-invalid=\"false\" name=\"message\"><\/textarea><\/span>\n<\/p>\n<p><input class=\"wpcf7-form-control wpcf7-submit has-spinner\" type=\"submit\" value=\"Request\" \/>\n<\/p><div class=\"wpcf7-response-output\" aria-hidden=\"true\"><\/div>\n<\/form>\n<\/div>\n<\/div>\n<p>&nbsp;<\/p>\n<p><a href=\"#\"><img loading=\"lazy\" decoding=\"async\" class=\"alignnone size-full wp-image-3837\" src=\"https:\/\/www.safedemat.com\/wp-content\/uploads\/2015\/09\/demander.png\" alt=\"telecharger\" width=\"350\" height=\"150\" \/><\/a><br \/><\/article>\n<\/section>\n<section class=\"hp-intro full-width-bg no-bottom-margin\" style=\"background-color:\t#fff\">\n\t<div class=\"custom-bg p01\"><\/div>\n\t<div class=\"content-container\">\n<p class=\"slogan\">Pour toute demande d&rsquo;information compl\u00e9mentaire<\/p>\n<p class=\"cta\"><a href=\"https:\/\/www.safedemat.com\/?page_id=953\" class=\"btn large green\">Contactez-nous<\/a><\/p>\n<\/div>\n<\/section>\n","protected":false},"excerpt":{"rendered":"","protected":false},"author":1,"featured_media":0,"parent":4298,"menu_order":0,"comment_status":"0","ping_status":"open","template":"","meta":{"footnotes":""},"class_list":["post-20","page","type-page","status-publish","hentry"],"_links":{"self":[{"href":"https:\/\/www.safedemat.com\/index.php?rest_route=\/wp\/v2\/pages\/20","targetHints":{"allow":["GET"]}}],"collection":[{"href":"https:\/\/www.safedemat.com\/index.php?rest_route=\/wp\/v2\/pages"}],"about":[{"href":"https:\/\/www.safedemat.com\/index.php?rest_route=\/wp\/v2\/types\/page"}],"author":[{"embeddable":true,"href":"https:\/\/www.safedemat.com\/index.php?rest_route=\/wp\/v2\/users\/1"}],"replies":[{"embeddable":true,"href":"https:\/\/www.safedemat.com\/index.php?rest_route=%2Fwp%2Fv2%2Fcomments&post=20"}],"version-history":[{"count":18,"href":"https:\/\/www.safedemat.com\/index.php?rest_route=\/wp\/v2\/pages\/20\/revisions"}],"predecessor-version":[{"id":4767,"href":"https:\/\/www.safedemat.com\/index.php?rest_route=\/wp\/v2\/pages\/20\/revisions\/4767"}],"up":[{"embeddable":true,"href":"https:\/\/www.safedemat.com\/index.php?rest_route=\/wp\/v2\/pages\/4298"}],"wp:attachment":[{"href":"https:\/\/www.safedemat.com\/index.php?rest_route=%2Fwp%2Fv2%2Fmedia&parent=20"}],"curies":[{"name":"wp","href":"https:\/\/api.w.org\/{rel}","templated":true}]}}