{"id":4302,"date":"2015-08-24T10:59:08","date_gmt":"2015-08-24T10:59:08","guid":{"rendered":"http:\/\/www.safedemat.com\/?page_id=4302"},"modified":"2015-10-02T00:36:37","modified_gmt":"2015-10-02T00:36:37","slug":"produits","status":"publish","type":"page","link":"https:\/\/www.safedemat.com\/?page_id=4302","title":{"rendered":"Produits"},"content":{"rendered":"<div class=\"full-width-bg white no-bottom-margin\" style=\"padding-top: 20px;padding-bottom: 19px;\"><div class=\"content-container\">\n<section class=\"columns center\">\n<p style=\"text-align: center;\"><strong>Les produits SafeDEMAT apportent des briques technologiques pr\u00eates \u00e0 l&#8217;emploi pour \u00eatre int\u00e9gr\u00e9es\u00a0dans votre SI de mani\u00e8re non intrusive et totalement param\u00e9trable. Ces produits permettent de doter vos applications des fonctions d&rsquo;authentification forte, de signature \u00e9lectronique avanc\u00e9e ou de chiffrement.<\/strong><\/p>\n<div class=\"page-portfolio\"><section class=\"columns portfolio hp-recent-work content-slider\"><div class=\"slider-box\"><div><article class=\"col col3\"><div><div class=\"img\"><a href=\"https:\/\/www.safedemat.com\/?project=authentification-forte\"><img loading=\"lazy\" decoding=\"async\" width=\"560\" height=\"384\" src=\"https:\/\/www.safedemat.com\/wp-content\/uploads\/2015\/07\/safeauth1-560x384.jpg\" class=\"attachment-project-thumbnail-medium size-project-thumbnail-medium wp-post-image\" alt=\"\" \/><\/a><div><ul><li><a href=\"https:\/\/www.safedemat.com\/wp-content\/uploads\/2015\/07\/safeauth1-810x411.jpg\" class=\"action view\" title=\"Authentification forte\">View<\/a><\/li><\/ul> <\/div><\/div><h3><a href=\"https:\/\/www.safedemat.com\/?project=authentification-forte\">Authentification forte<br><span>Produits <\/span><\/a><\/h3><\/div><\/article><article class=\"col col3\"><div><div class=\"img\"><a href=\"https:\/\/www.safedemat.com\/?project=signature-electronique-avancee\"><img loading=\"lazy\" decoding=\"async\" width=\"560\" height=\"384\" src=\"https:\/\/www.safedemat.com\/wp-content\/uploads\/2015\/07\/safesign1-560x384.jpg\" class=\"attachment-project-thumbnail-medium size-project-thumbnail-medium wp-post-image\" alt=\"\" \/><\/a><div><ul><li><a href=\"https:\/\/www.safedemat.com\/wp-content\/uploads\/2015\/07\/safesign1-810x411.jpg\" class=\"action view\" title=\"Signature \u00e9lectronique avanc\u00e9e\">View<\/a><\/li><\/ul> <\/div><\/div><h3><a href=\"https:\/\/www.safedemat.com\/?project=signature-electronique-avancee\">Signature \u00e9lectronique avanc\u00e9e<br><span>Produits <\/span><\/a><\/h3><\/div><\/article><article class=\"col col3\"><div><div class=\"img\"><a href=\"https:\/\/www.safedemat.com\/?project=chiffrement-et-confidentialite\"><img loading=\"lazy\" decoding=\"async\" width=\"560\" height=\"384\" src=\"https:\/\/www.safedemat.com\/wp-content\/uploads\/2015\/07\/safecrypt1-560x384.jpg\" class=\"attachment-project-thumbnail-medium size-project-thumbnail-medium wp-post-image\" alt=\"\" \/><\/a><div><ul><li><a href=\"https:\/\/www.safedemat.com\/wp-content\/uploads\/2015\/07\/safecrypt1-810x411.jpg\" class=\"action view\" title=\"Chiffrement et confidentialit\u00e9\">View<\/a><\/li><\/ul> <\/div><\/div><h3><a href=\"https:\/\/www.safedemat.com\/?project=chiffrement-et-confidentialite\">Chiffrement et confidentialit\u00e9<br><span>Produits <\/span><\/a><\/h3><\/div><\/article><\/div><\/div><\/section><\/div>\n<\/section>\n<\/div><\/div>","protected":false},"excerpt":{"rendered":"","protected":false},"author":1,"featured_media":0,"parent":0,"menu_order":0,"comment_status":"0","ping_status":"closed","template":"","meta":{"footnotes":""},"class_list":["post-4302","page","type-page","status-publish","hentry"],"_links":{"self":[{"href":"https:\/\/www.safedemat.com\/index.php?rest_route=\/wp\/v2\/pages\/4302","targetHints":{"allow":["GET"]}}],"collection":[{"href":"https:\/\/www.safedemat.com\/index.php?rest_route=\/wp\/v2\/pages"}],"about":[{"href":"https:\/\/www.safedemat.com\/index.php?rest_route=\/wp\/v2\/types\/page"}],"author":[{"embeddable":true,"href":"https:\/\/www.safedemat.com\/index.php?rest_route=\/wp\/v2\/users\/1"}],"replies":[{"embeddable":true,"href":"https:\/\/www.safedemat.com\/index.php?rest_route=%2Fwp%2Fv2%2Fcomments&post=4302"}],"version-history":[{"count":8,"href":"https:\/\/www.safedemat.com\/index.php?rest_route=\/wp\/v2\/pages\/4302\/revisions"}],"predecessor-version":[{"id":4670,"href":"https:\/\/www.safedemat.com\/index.php?rest_route=\/wp\/v2\/pages\/4302\/revisions\/4670"}],"wp:attachment":[{"href":"https:\/\/www.safedemat.com\/index.php?rest_route=%2Fwp%2Fv2%2Fmedia&parent=4302"}],"curies":[{"name":"wp","href":"https:\/\/api.w.org\/{rel}","templated":true}]}}