{"id":4842,"date":"2018-09-06T11:37:27","date_gmt":"2018-09-06T11:37:27","guid":{"rendered":"http:\/\/www.safedemat.com\/?page_id=4842"},"modified":"2018-09-06T12:29:34","modified_gmt":"2018-09-06T12:29:34","slug":"plateforms","status":"publish","type":"page","link":"https:\/\/www.safedemat.com\/?page_id=4842","title":{"rendered":"Plateforms"},"content":{"rendered":"<div class=\"full-width-bg white no-bottom-margin\" style=\"padding-top: 20px;padding-bottom: 19px;\"><div class=\"content-container\">\n<section class=\"columns center\">\n<p><strong>La suite des plateformes SafeDEMAT forme une offre de produits logicielle et mat\u00e9rielle int\u00e9gr\u00e9e, modulaire et compl\u00e9mentaire permettant de s\u00e9curiser les transactions \u00e9lectroniques et offrir des services \u00e0 valeur ajout\u00e9e et \u00e0 validit\u00e9 l\u00e9gale, aux partenaires, clients et citoyens. Ces solutions permettent de signer des contrats ou documents en ligne, de les transmettre de mani\u00e8re s\u00e9curis\u00e9e et confidentielle avec garantie de livraison et accus\u00e9 de r\u00e9ception et enfin de\u00a0les archiver dans des conditions optimales garantissant leur p\u00e9rennit\u00e9 dans le temps.<\/strong><\/p>\n<div class=\"page-portfolio\"><section class=\"columns portfolio hp-recent-work content-slider\"><div class=\"slider-box\"><div><\/div><\/div><\/section><\/div>\n<\/section>\n<\/div><\/div>\n","protected":false},"excerpt":{"rendered":"","protected":false},"author":1,"featured_media":0,"parent":0,"menu_order":3,"comment_status":"0","ping_status":"closed","template":"","meta":{"footnotes":""},"class_list":["post-4842","page","type-page","status-publish","hentry"],"_links":{"self":[{"href":"https:\/\/www.safedemat.com\/index.php?rest_route=\/wp\/v2\/pages\/4842","targetHints":{"allow":["GET"]}}],"collection":[{"href":"https:\/\/www.safedemat.com\/index.php?rest_route=\/wp\/v2\/pages"}],"about":[{"href":"https:\/\/www.safedemat.com\/index.php?rest_route=\/wp\/v2\/types\/page"}],"author":[{"embeddable":true,"href":"https:\/\/www.safedemat.com\/index.php?rest_route=\/wp\/v2\/users\/1"}],"replies":[{"embeddable":true,"href":"https:\/\/www.safedemat.com\/index.php?rest_route=%2Fwp%2Fv2%2Fcomments&post=4842"}],"version-history":[{"count":2,"href":"https:\/\/www.safedemat.com\/index.php?rest_route=\/wp\/v2\/pages\/4842\/revisions"}],"predecessor-version":[{"id":4851,"href":"https:\/\/www.safedemat.com\/index.php?rest_route=\/wp\/v2\/pages\/4842\/revisions\/4851"}],"wp:attachment":[{"href":"https:\/\/www.safedemat.com\/index.php?rest_route=%2Fwp%2Fv2%2Fmedia&parent=4842"}],"curies":[{"name":"wp","href":"https:\/\/api.w.org\/{rel}","templated":true}]}}