{"id":4845,"date":"2018-09-06T12:18:41","date_gmt":"2018-09-06T12:18:41","guid":{"rendered":"http:\/\/www.safedemat.com\/?page_id=4845"},"modified":"2019-03-17T13:50:36","modified_gmt":"2019-03-17T13:50:36","slug":"safeparaph-2","status":"publish","type":"page","link":"https:\/\/www.safedemat.com\/?page_id=4845","title":{"rendered":"SafeLetter"},"content":{"rendered":"<section class=\"columns no-bottom-margin\">\n<article class=\"col col23\">\n<section class=\"slider3\"><div class=\"slider\">\n<article><img loading=\"lazy\" decoding=\"async\" src=\"https:\/\/www.safedemat.com\/wp-content\/uploads\/2018\/09\/safeLetter_without_footer.png\" width=\"730\" height=\"370\"\/><\/article>\n<article><img loading=\"lazy\" decoding=\"async\" src=\"https:\/\/www.safedemat.com\/wp-content\/uploads\/2018\/09\/tow_pcs-1.png\" width=\"730\" height=\"370\"\/><\/article>\n<article><img loading=\"lazy\" decoding=\"async\" src=\"https:\/\/www.safedemat.com\/wp-content\/uploads\/2018\/09\/tow_pc.png\" width=\"730\" height=\"370\"\/><\/article>\n<\/div><\/section>\n<section class=\"columns\">\n<p style=\"text-align: justify;\"><strong> <span class=\"fontstyle0\">SafeLetter est un parapheur \u00e9lectronique qui vous permet de remplacer vos circuits papiers traditionnels par une interface unique et s\u00e9curis\u00e9e pour tous les signataires de tout type d\u2019organisation. Cette solution vous garantit une valeur juridique identique \u00e0 celle du papier.<\/span> <\/strong><\/p>\n<article class=\"col col2\">\n<h3>Pr\u00e9sentation<\/h3>\n<p style=\"text-align: justify;\"><span class=\"fontstyle0\">Cette solution vous permettra de digitaliser une multitude de circuits et de t\u00e2ches faisant intervenir un flux important de documents, tels que les courriers et les processus d&rsquo;approbation de certains documents (factures, notes, &#8230;etc).<br \/>\nCette solution interop\u00e9rable et tr\u00e8s simple d\u2019utilisation, contribue \u00e0 l\u2019am\u00e9lioration de la c\u00e9l\u00e9rit\u00e9 et la qualit\u00e9 de votre quotidien business. Avec SafeLetter, vous pouvez d\u00e9sormais proposer \u00e0 vos interlocuteurs, entreprises ou particuliers, de signer \u00e9lectroniquement des documents contractuels d\u00e9mat\u00e9rialis\u00e9s dans un circuit s\u00e9curis\u00e9 et avec une r\u00e9elle valeur probatoire de la signature.<br \/>\nLa solution est disponible aussi bien en mode SaaS que Licence. Ce produit int\u00e8gre en un seul package, les fonctions de :<\/span><\/p>\n<p style=\"text-align: justify;\">\n<ul style=\"text-align: justify;\">\n<li style=\"text-align: justify;\">Authentification forte par carte \u00e0 Puce ou Biom\u00e9trie<\/li>\n<li>Signature \u00e9lectronique probante<\/li>\n<li>Horodatage<\/li>\n<li>Archivage \u00e9lectronique<\/li>\n<li>Tra\u00e7abilit\u00e9<\/li>\n<\/ul>\n<p>Avantages<\/p>\n<p><span class=\"fontstyle0\">La mise en place d&rsquo;une solution de parapheur \u00e9lectronique, permettra \u00e0 chaque unit\u00e9 de votre organisation de :<\/span><\/p>\n\n<ul>\n<li>Favoriser et simplifier la d\u00e9mat\u00e9rialisation de ses processus internes et intra-groupe ;<\/li>\n<li>Instaurer le respect de circuits pr\u00e9d\u00e9finis ;<\/li>\n<li>Raccourcir et simplifier les d\u00e9lais de visa et de signature ;<\/li>\n<li>Garantir la tra\u00e7abilit\u00e9 des actions ;<\/li>\n<li>Permettre le traitement des documents sans obligation de pr\u00e9sence physique ;<\/li>\n<li>Garantir la s\u00e9curit\u00e9 et la confidentialit\u00e9 des documents lors de leur circulation ;<\/li>\n<\/ul>\n<p><span class=\"fontstyle0\">Avec SafeLetter, une organisation peut d\u00e9sormais valider de mani\u00e8re enti\u00e8rement d\u00e9mat\u00e9rialis\u00e9e un document et le signer en garantissant la m\u00eame valeur l\u00e9gale qu\u2019un original papier.<\/span><\/p>\n<p>&nbsp;<\/p>\n<h3>Respects des normes internationaux<\/h3>\n<p><span class=\"fontstyle0\">PKCS#11, PKCS#12, X509, RFC 3161, CRL, PADES-LTV, CC EAL 4+, AES 256 \u2026<\/span><\/p>\n<p style=\"text-align: justify;\"><\/article>\n<article class=\"col col2\">\n<h3>Fonctionnalit\u00e9s<\/h3>\n<p><span class=\"fontstyle0\">SafeLetter est un moteur de gestion de processus g\u00e9n\u00e9rique. Cette application m\u00e9tier est destin\u00e9e \u00e0 faciliter le suivi de documents engag\u00e9s dans des processus de validation simples ou complexes. Des processus peuvent \u00eatre ajout\u00e9s dynamiquement afin de le configurer pour des usages et des contextes multiples. <\/span><span class=\"fontstyle2\">Cette solution propose les fonctionnalit\u00e9s suivantes :<\/span><\/p>\n\n<ul class=\"checklist tick3\">\n<li style=\"text-align: justify;\"><span class=\"fontstyle0\">Con\u00e7u pour une adoption rapide et intuitive \u00e0 base d\u2019une ergonomie simple et moderne<\/span><\/li>\n<li style=\"text-align: justify;\"><span class=\"fontstyle0\">Fonctions de gestion de preuve<\/span><\/li>\n<li style=\"text-align: justify;\"><span class=\"fontstyle0\">Int\u00e9gration d&rsquo;un module de signature \u00e9lectronique avanc\u00e9e au format PADES<\/span><\/li>\n<li style=\"text-align: justify;\"><span class=\"fontstyle0\">Notification automatique par courriel\/SMS<\/span><\/li>\n<li style=\"text-align: justify;\"><span class=\"fontstyle0\">Historique complet et scell\u00e9 des actions utilisateur<\/span><\/li>\n<li style=\"text-align: justify;\"><span class=\"fontstyle0\">Interface graphique totalement personnalisable<\/span><\/li>\n<li style=\"text-align: justify;\"><span class=\"fontstyle0\">D\u00e9velopp\u00e9e sur un socle technologiquement fort et \u00e9prouv\u00e9.<\/span><\/li>\n<li style=\"text-align: justify;\"><span class=\"fontstyle0\">D\u00e9ploy\u00e9e en mode SaaS ou en h\u00e9bergement interne par licence<\/span><\/li>\n<li style=\"text-align: justify;\"><span class=\"fontstyle0\">L\u2019utilisation de processus simples et complexes pr\u00e9d\u00e9finis<\/span><\/li>\n<li style=\"text-align: justify;\"><span class=\"fontstyle0\">La configuration de circuits hi\u00e9rarchiques et non hi\u00e9rarchiques<\/span><\/li>\n<li style=\"text-align: justify;\"><span class=\"fontstyle0\">La g\u00e9n\u00e9ration de la fiche de circulation associ\u00e9e au document, donnant son \u00e9tat dans le circuit, au format PDF<\/span><\/li>\n<li style=\"text-align: justify;\"><span class=\"fontstyle0\">La gestion de la tra\u00e7abilit\u00e9 des actions effectu\u00e9es sur le document dans le circuit \u00e0 travers la pr\u00e9sentation d\u2019une synth\u00e8se sur le document<\/span><\/li>\n<li style=\"text-align: justify;\"><span class=\"fontstyle0\">La gestion des commentaires sur le document<\/span><\/li>\n<li style=\"text-align: justify;\"><span class=\"fontstyle0\">La gestion des notifications en fonction des pr\u00e9f\u00e9rences (mail, sms, fr\u00e9quence, \u2026)<\/span><\/li>\n<li style=\"text-align: justify;\"><span class=\"fontstyle0\">La gestion des retards et les relances dans le respect des d\u00e9lais<\/span><\/li>\n<li style=\"text-align: justify;\"><span class=\"fontstyle0\">La gestion des droits d\u2019acc\u00e8s afin d\u2019assurer la confidentialit\u00e9 des informations<\/span><\/li>\n<li style=\"text-align: justify;\"><span class=\"fontstyle0\">L\u2019archivage \u00e9lectronique des documents paraph\u00e9s et la garantie de leur int\u00e9grit\u00e9<\/span><\/li>\n<li style=\"text-align: justify;\"><span class=\"fontstyle0\">Tableau de bord des recherches rapides et avanc\u00e9es<\/span><\/li>\n<li style=\"text-align: justify;\"><span class=\"fontstyle0\">responsive et ergonomique pour permettre \u00e0 chaque acteur de viser, signer les documents depuis un ordinateur, tablette connect\u00e9e \u00e0 Internet et un mobile smatphone en toute s\u00e9curit\u00e9.<\/span><\/li>\n<li style=\"text-align: justify;\"><span class=\"fontstyle0\">Solution ouverte disposant d&rsquo;une librairie de web services permettant de l&rsquo;interfacer avec des syst\u00e8mes tiers<\/span>\u00a0.<\/li>\n<li style=\"text-align: justify;\"><span class=\"fontstyle0\">Compatible avec la solution de coffre fort SafeVAULT ou d\u2019envoie s\u00e9curis\u00e9 SafeExchange<\/span><\/li>\n<li style=\"text-align: justify;\"><span class=\"fontstyle0\">Tra\u00e7abilit\u00e9 et horodatage de l&rsquo;ensemble des actions de traitement des documents et des courriers (de l&rsquo;insertion jusqu&rsquo;\u00e0 la cl\u00f4ture du traitement).<\/span><\/li>\n<li style=\"text-align: justify;\"><span class=\"fontstyle0\">Param\u00e9trage agile de workflows de traitement des documents par l&rsquo;administrateur fonctionnel<\/span>\u00a0.<\/li>\n<li style=\"text-align: justify;\"><span class=\"fontstyle0\">Permettre d&rsquo;affecter \u00e0 des utilisateurs des actions sur des documents, et d&rsquo;assurer le suivi de leur traitement par ces derniers.<\/span><\/li>\n<li style=\"text-align: justify;\"><span class=\"fontstyle0\">Disponibilit\u00e9 de tableaux de bord permettant d&rsquo;assurer le suivi du traitement des documents et de r\u00e9alisation des actions.<\/span><\/li>\n<li style=\"text-align: justify;\"><span class=\"fontstyle0\">Dispose d&rsquo;un syst\u00e8me d&rsquo;alerte param\u00e9trable permettant de : Rappeler les d\u00e9lais de traitement (action, visa, signature &#8230;etc) des documents.<\/span><\/li>\n<li style=\"text-align: justify;\"><span class=\"fontstyle0\">Ind\u00e9pendant des syst\u00e8mes d\u2019exploitation.<\/span><\/li>\n<li style=\"text-align: justify;\"><span class=\"fontstyle0\">Support de la norme de qualit\u00e9 de signature : <\/span><span class=\"fontstyle2\"><strong>PAdES-LTV (Pdf Advanced Electronic\u00a0Signature \u2013 Long Terme Validation)<\/strong><\/span><\/li>\n<li style=\"text-align: justify;\"><span class=\"fontstyle0\"><strong>Module PKI<\/strong> <\/span><span class=\"fontstyle2\">int\u00e9gr\u00e9 ou interfa\u00e7age en Web Service avec une PKI du march\u00e9.<\/span><\/li>\n<li style=\"text-align: justify;\"><span class=\"fontstyle0\">Module optionnel de notification par SMS.<\/span><\/li>\n<li style=\"text-align: justify;\"><strong> <span class=\"fontstyle0\">Tra\u00e7abilit\u00e9 d\u00e9taill\u00e9e <\/span><\/strong><span class=\"fontstyle2\">des transactions (audit et contr\u00f4le ult\u00e9rieur).<\/span><\/li>\n<li style=\"text-align: justify;\"><strong> <span class=\"fontstyle0\">Non intrusif <\/span><\/strong><span class=\"fontstyle2\">: Facilit\u00e9 d\u2019int\u00e9gration, sans modification de l\u2019application m\u00e9tier.<\/span><\/li>\n<li style=\"text-align: justify;\"><strong> <span class=\"fontstyle0\">Authentification forte <\/span><\/strong><span class=\"fontstyle2\">par support cryptographique \u00e9valu\u00e9 CC EAL 4+<\/span><\/li>\n<li style=\"text-align: justify;\"><strong> <span class=\"fontstyle0\">Personnalisation graphique <\/span><\/strong><span class=\"fontstyle2\">des interfaces et pages de signature.<\/span><\/li>\n<li style=\"text-align: justify;\"><span class=\"fontstyle0\"><strong>Int\u00e9grable avec les coffres<\/strong> forts <\/span><span class=\"fontstyle2\">\u00e9lectroniques du march\u00e9 et notamment SafeVAULT pour la gestion de la p\u00e9rennit\u00e9 de vos documents et contrats sign\u00e9s.<\/span><\/li>\n<li style=\"text-align: justify;\"><strong> <span class=\"fontstyle0\">Multiple options <\/span><\/strong><span class=\"fontstyle2\">: Format de signature, Format des fichiers \u00e0 signer, usage d\u2019HSM, Authentification par SMS, Cachet serveur, Certificat mat\u00e9riel\/logiciel, Archivage \u00e9lectronique probant (coffre-fort), usage de tablette de signature\u2026<\/span><\/li>\n<li style=\"text-align: justify;\"><span class=\"fontstyle0\">Le tout dans le <\/span><strong><span class=\"fontstyle2\">respect des exigences r\u00e9glementaires en vigueur <\/span><\/strong><span class=\"fontstyle0\">(Loi : 53-05, 09-08)<\/span><\/li>\n<\/ul><\/article>\n<\/section><\/article>\n<article class=\"col col3\">\n<div class=\"box-default top-border\" style=\"border-color:#70c14a;border-width:4px;\">\n<h2>Request a demo<\/h2>\n\n<div class=\"wpcf7 no-js\" id=\"wpcf7-f1027-o1\" lang=\"en-US\" dir=\"ltr\" data-wpcf7-id=\"1027\">\n<div class=\"screen-reader-response\"><p role=\"status\" aria-live=\"polite\" aria-atomic=\"true\"><\/p> <ul><\/ul><\/div>\n<form action=\"\/index.php?rest_route=%2Fwp%2Fv2%2Fpages%2F4845#wpcf7-f1027-o1\" method=\"post\" class=\"wpcf7-form init\" aria-label=\"Contact form\" novalidate=\"novalidate\" data-status=\"init\">\n<fieldset class=\"hidden-fields-container\"><input type=\"hidden\" name=\"_wpcf7\" value=\"1027\" \/><input type=\"hidden\" name=\"_wpcf7_version\" value=\"6.1.5\" \/><input type=\"hidden\" name=\"_wpcf7_locale\" value=\"en_US\" \/><input type=\"hidden\" name=\"_wpcf7_unit_tag\" value=\"wpcf7-f1027-o1\" \/><input type=\"hidden\" name=\"_wpcf7_container_post\" value=\"0\" \/><input type=\"hidden\" name=\"_wpcf7_posted_data_hash\" value=\"\" \/>\n<\/fieldset>\n<p>Nom complet* <span class=\"wpcf7-form-control-wrap\" data-name=\"nom\"><input size=\"40\" maxlength=\"400\" class=\"wpcf7-form-control wpcf7-text wpcf7-validates-as-required\" aria-required=\"true\" aria-invalid=\"false\" value=\"\" type=\"text\" name=\"nom\" \/><\/span>\n<\/p>\n<p>Soci\u00e9t\u00e9* <span class=\"wpcf7-form-control-wrap\" data-name=\"societe\"><input size=\"40\" maxlength=\"400\" class=\"wpcf7-form-control wpcf7-text wpcf7-validates-as-required\" aria-required=\"true\" aria-invalid=\"false\" value=\"\" type=\"text\" name=\"societe\" \/><\/span>\n<\/p>\n<hr \/>\n<p>T\u00e9l\u00e9phone* <span class=\"wpcf7-form-control-wrap\" data-name=\"telephone\"><input size=\"40\" maxlength=\"400\" class=\"wpcf7-form-control wpcf7-text wpcf7-validates-as-required\" aria-required=\"true\" aria-invalid=\"false\" value=\"\" type=\"text\" name=\"telephone\" \/><\/span>\n<\/p>\n<p>Email* <span class=\"wpcf7-form-control-wrap\" data-name=\"email\"><input size=\"40\" maxlength=\"400\" class=\"wpcf7-form-control wpcf7-email wpcf7-validates-as-required wpcf7-text wpcf7-validates-as-email\" aria-required=\"true\" aria-invalid=\"false\" value=\"\" type=\"email\" name=\"email\" \/><\/span>\n<\/p>\n<p>Message <span class=\"wpcf7-form-control-wrap\" data-name=\"message\"><textarea cols=\"40\" rows=\"10\" maxlength=\"2000\" class=\"wpcf7-form-control wpcf7-textarea\" aria-invalid=\"false\" name=\"message\"><\/textarea><\/span>\n<\/p>\n<p><input class=\"wpcf7-form-control wpcf7-submit has-spinner\" type=\"submit\" value=\"Request\" \/>\n<\/p><div class=\"wpcf7-response-output\" aria-hidden=\"true\"><\/div>\n<\/form>\n<\/div>\n\n<\/div>\n<p><a href=\"#\"><img loading=\"lazy\" decoding=\"async\" class=\"alignnone wp-image-3837 size-full\" src=\"https:\/\/www.safedemat.com\/wp-content\/uploads\/2015\/09\/demander.png\" alt=\"telecharger\" width=\"350\" height=\"150\" \/><\/a><br \/><\/article>\n<\/section>\n<section class=\"hp-intro full-width-bg no-bottom-margin\" style=\"background-color:\t#fff\">\n\t<div class=\"custom-bg p01\"><\/div>\n\t<div class=\"content-container\">\n<p class=\"slogan\">Pour toute demande d&rsquo;information compl\u00e9mentaire<\/p>\n<p class=\"cta\"><a href=\"https:\/\/www.safedemat.com\/?page_id=953\" class=\"btn large green\">Contactez-nous<\/a><\/p>\n<\/div>\n<\/section>\n","protected":false},"excerpt":{"rendered":"","protected":false},"author":1,"featured_media":0,"parent":4298,"menu_order":0,"comment_status":"0","ping_status":"closed","template":"","meta":{"footnotes":""},"class_list":["post-4845","page","type-page","status-publish","hentry"],"_links":{"self":[{"href":"https:\/\/www.safedemat.com\/index.php?rest_route=\/wp\/v2\/pages\/4845","targetHints":{"allow":["GET"]}}],"collection":[{"href":"https:\/\/www.safedemat.com\/index.php?rest_route=\/wp\/v2\/pages"}],"about":[{"href":"https:\/\/www.safedemat.com\/index.php?rest_route=\/wp\/v2\/types\/page"}],"author":[{"embeddable":true,"href":"https:\/\/www.safedemat.com\/index.php?rest_route=\/wp\/v2\/users\/1"}],"replies":[{"embeddable":true,"href":"https:\/\/www.safedemat.com\/index.php?rest_route=%2Fwp%2Fv2%2Fcomments&post=4845"}],"version-history":[{"count":19,"href":"https:\/\/www.safedemat.com\/index.php?rest_route=\/wp\/v2\/pages\/4845\/revisions"}],"predecessor-version":[{"id":4939,"href":"https:\/\/www.safedemat.com\/index.php?rest_route=\/wp\/v2\/pages\/4845\/revisions\/4939"}],"up":[{"embeddable":true,"href":"https:\/\/www.safedemat.com\/index.php?rest_route=\/wp\/v2\/pages\/4298"}],"wp:attachment":[{"href":"https:\/\/www.safedemat.com\/index.php?rest_route=%2Fwp%2Fv2%2Fmedia&parent=4845"}],"curies":[{"name":"wp","href":"https:\/\/api.w.org\/{rel}","templated":true}]}}