{"id":4847,"date":"2018-09-06T12:21:49","date_gmt":"2018-09-06T12:21:49","guid":{"rendered":"http:\/\/www.safedemat.com\/?page_id=4847"},"modified":"2019-02-21T16:08:02","modified_gmt":"2019-02-21T16:08:02","slug":"tablette-de-signature","status":"publish","type":"page","link":"https:\/\/www.safedemat.com\/?page_id=4847","title":{"rendered":"Tablette de signature"},"content":{"rendered":"<section class=\"columns no-bottom-margin\">\n<article class=\"col col23\">\n<section class=\"slider3\"><div class=\"slider\">\n<article><img loading=\"lazy\" decoding=\"async\" src=\"https:\/\/www.safedemat.com\/wp-content\/uploads\/2018\/09\/full_logo_without_footer-2.png\" width=\"730\" height=\"370\"\/><\/article>\n<article><img loading=\"lazy\" decoding=\"async\" src=\"https:\/\/www.safedemat.com\/wp-content\/uploads\/2018\/09\/slide3.png\" width=\"730\" height=\"370\"\/><\/article>\n<article><img loading=\"lazy\" decoding=\"async\" src=\"https:\/\/www.safedemat.com\/wp-content\/uploads\/2018\/09\/borne.png\" width=\"730\" height=\"370\"\/><\/article>\n<article><img loading=\"lazy\" decoding=\"async\" src=\"https:\/\/www.safedemat.com\/wp-content\/uploads\/2018\/09\/wacom.png\" width=\"730\" height=\"370\"\/><\/article>\n<\/div><\/section>\n<section class=\"columns\">\n<p>Ces tablettes nouvelle g\u00e9n\u00e9ration sont alors, id\u00e9ales pour accompagner les activit\u00e9s n\u00e9cessitant la capture de signatures manuscrites pour autoriser ou valider certains processus m\u00e9tiers.\u00a0Les banques, \u00e9tablissements hospitaliers, compagnies d\u2019assurance et autres acteurs du secteur priv\u00e9\u00a0peuvent ainsi optimiser leur efficacit\u00e9 op\u00e9rationnelle, limiter les risques relatifs \u00e0 la conformit\u00e9 r\u00e9glementaire et r\u00e9duire les co\u00fbts inh\u00e9rents au traitement des documents papier.<\/p>\n<div><\/div>\n<div><\/div>\n<article class=\"col col2\"><\/article>\n<\/section><\/article>\n<article class=\"col col3\">\n<div class=\"box-default top-border\" style=\"border-color:#70c14a;border-width:4px;\">\n<h2>Request a demo<\/h2>\n\n<div class=\"wpcf7 no-js\" id=\"wpcf7-f1027-o1\" lang=\"en-US\" dir=\"ltr\" data-wpcf7-id=\"1027\">\n<div class=\"screen-reader-response\"><p role=\"status\" aria-live=\"polite\" aria-atomic=\"true\"><\/p> <ul><\/ul><\/div>\n<form action=\"\/index.php?rest_route=%2Fwp%2Fv2%2Fpages%2F4847#wpcf7-f1027-o1\" method=\"post\" class=\"wpcf7-form init\" aria-label=\"Contact form\" novalidate=\"novalidate\" data-status=\"init\">\n<fieldset class=\"hidden-fields-container\"><input type=\"hidden\" name=\"_wpcf7\" value=\"1027\" \/><input type=\"hidden\" name=\"_wpcf7_version\" value=\"6.1.5\" \/><input type=\"hidden\" name=\"_wpcf7_locale\" value=\"en_US\" \/><input type=\"hidden\" name=\"_wpcf7_unit_tag\" value=\"wpcf7-f1027-o1\" \/><input type=\"hidden\" name=\"_wpcf7_container_post\" value=\"0\" \/><input type=\"hidden\" name=\"_wpcf7_posted_data_hash\" value=\"\" \/>\n<\/fieldset>\n<p>Nom complet* <span class=\"wpcf7-form-control-wrap\" data-name=\"nom\"><input size=\"40\" maxlength=\"400\" class=\"wpcf7-form-control wpcf7-text wpcf7-validates-as-required\" aria-required=\"true\" aria-invalid=\"false\" value=\"\" type=\"text\" name=\"nom\" \/><\/span>\n<\/p>\n<p>Soci\u00e9t\u00e9* <span class=\"wpcf7-form-control-wrap\" data-name=\"societe\"><input size=\"40\" maxlength=\"400\" class=\"wpcf7-form-control wpcf7-text wpcf7-validates-as-required\" aria-required=\"true\" aria-invalid=\"false\" value=\"\" type=\"text\" name=\"societe\" \/><\/span>\n<\/p>\n<hr \/>\n<p>T\u00e9l\u00e9phone* <span class=\"wpcf7-form-control-wrap\" data-name=\"telephone\"><input size=\"40\" maxlength=\"400\" class=\"wpcf7-form-control wpcf7-text wpcf7-validates-as-required\" aria-required=\"true\" aria-invalid=\"false\" value=\"\" type=\"text\" name=\"telephone\" \/><\/span>\n<\/p>\n<p>Email* <span class=\"wpcf7-form-control-wrap\" data-name=\"email\"><input size=\"40\" maxlength=\"400\" class=\"wpcf7-form-control wpcf7-email wpcf7-validates-as-required wpcf7-text wpcf7-validates-as-email\" aria-required=\"true\" aria-invalid=\"false\" value=\"\" type=\"email\" name=\"email\" \/><\/span>\n<\/p>\n<p>Message <span class=\"wpcf7-form-control-wrap\" data-name=\"message\"><textarea cols=\"40\" rows=\"10\" maxlength=\"2000\" class=\"wpcf7-form-control wpcf7-textarea\" aria-invalid=\"false\" name=\"message\"><\/textarea><\/span>\n<\/p>\n<p><input class=\"wpcf7-form-control wpcf7-submit has-spinner\" type=\"submit\" value=\"Request\" \/>\n<\/p><div class=\"wpcf7-response-output\" aria-hidden=\"true\"><\/div>\n<\/form>\n<\/div>\n\n<\/div>\n<p><a href=\"#\"><img loading=\"lazy\" decoding=\"async\" class=\"alignnone wp-image-3837 size-full\" src=\"https:\/\/www.safedemat.com\/wp-content\/uploads\/2015\/09\/demander.png\" alt=\"telecharger\" width=\"350\" height=\"150\" \/><\/a><br \/><\/article>\n<\/section>\n<section class=\"hp-intro full-width-bg no-bottom-margin\" style=\"background-color:\t#fff\">\n\t<div class=\"custom-bg p01\"><\/div>\n\t<div class=\"content-container\">\n<p class=\"slogan\">Pour toute demande d&rsquo;information compl\u00e9mentaire<\/p>\n<p class=\"cta\"><a href=\"https:\/\/www.safedemat.com\/?page_id=953\" class=\"btn large green\">Contactez-nous<\/a><\/p>\n<\/div>\n<\/section>\n","protected":false},"excerpt":{"rendered":"","protected":false},"author":1,"featured_media":0,"parent":0,"menu_order":0,"comment_status":"0","ping_status":"closed","template":"","meta":{"footnotes":""},"class_list":["post-4847","page","type-page","status-publish","hentry"],"_links":{"self":[{"href":"https:\/\/www.safedemat.com\/index.php?rest_route=\/wp\/v2\/pages\/4847","targetHints":{"allow":["GET"]}}],"collection":[{"href":"https:\/\/www.safedemat.com\/index.php?rest_route=\/wp\/v2\/pages"}],"about":[{"href":"https:\/\/www.safedemat.com\/index.php?rest_route=\/wp\/v2\/types\/page"}],"author":[{"embeddable":true,"href":"https:\/\/www.safedemat.com\/index.php?rest_route=\/wp\/v2\/users\/1"}],"replies":[{"embeddable":true,"href":"https:\/\/www.safedemat.com\/index.php?rest_route=%2Fwp%2Fv2%2Fcomments&post=4847"}],"version-history":[{"count":13,"href":"https:\/\/www.safedemat.com\/index.php?rest_route=\/wp\/v2\/pages\/4847\/revisions"}],"predecessor-version":[{"id":4930,"href":"https:\/\/www.safedemat.com\/index.php?rest_route=\/wp\/v2\/pages\/4847\/revisions\/4930"}],"wp:attachment":[{"href":"https:\/\/www.safedemat.com\/index.php?rest_route=%2Fwp%2Fv2%2Fmedia&parent=4847"}],"curies":[{"name":"wp","href":"https:\/\/api.w.org\/{rel}","templated":true}]}}