{"id":859,"date":"2014-01-21T01:11:43","date_gmt":"2014-01-21T01:11:43","guid":{"rendered":"http:\/\/safedemat.com\/converio\/?page_id=5"},"modified":"2016-10-31T17:45:35","modified_gmt":"2016-10-31T17:45:35","slug":"about","status":"publish","type":"page","link":"https:\/\/www.safedemat.com\/?page_id=859","title":{"rendered":"Soci\u00e9t\u00e9"},"content":{"rendered":"<section class=\"full-width-bg lead page-about\"><div>\n<h1>Editeur d&rsquo;innovations<\/h1>\n<p class=\"note\">SafeDEMAT op\u00e8re dans le domaine de la confiance num\u00e9rique. L&rsquo;essence de\u00a0sa cr\u00e9ation\u00a0\u00e9tant : \u00ab\u00a0Am\u00e9liorer le quotidien du citoyen et des organisations par la technologie\u00a0\u00bb\u00a0<\/p>\n<p>Nous commercialisons des produits permettant \u00e0 nos clients d\u2019apporter les fonctionnalit\u00e9s indispensables de s\u00e9curit\u00e9 dans la confiance de leurs processus d\u00e9mat\u00e9rialis\u00e9s.\u00a0Tous nos produits sont con\u00e7us en parfaite conformit\u00e9 avec les normes et standards en mati\u00e8re de technologie cryptographique,\u00a0et ce selon le strict respect des exigences r\u00e9glementaires.<br \/>\n<img decoding=\"async\" src=\"https:\/\/www.safedemat.com\/wp-content\/uploads\/2015\/07\/photo-aboutus-top.jpg\" alt=\"Image\" ><\/div><div class=\"clear\"><\/div><\/section>\n<div class=\"lead-block\"><h2 class=\"alt\">Nous avons de quoi \u00eatre fiers!<\/h2><\/div>\n<section class=\"columns center\">\n<article class=\"col col4\">\n<div class=\"animated-milestone\" data-value=\"10\" data-speed=\"2000\" data-color=\"9a83c4\">0<span>+<\/span><\/div>\n<h4>Clients satisfaits<\/h4>\n<p>de divers secteurs<\/p><\/article>\n<article class=\"col col4\">\n<div class=\"animated-milestone\" data-value=\"1000\" data-speed=\"1500\" data-color=\"59bcdc\">0<span>+<\/span><\/div>\n<h4>Utilisateurs quotidiens<\/h4>\n<p>particuliers et professionels<\/p><\/article>\n<article class=\"col col4\">\n<div class=\"animated-milestone\" data-value=\"25\" data-speed=\"1000\" data-color=\"70c14a\">0<span>%<\/span><\/div>\n<h4>Croissance annuelle<\/h4>\n<p>Rentabilit\u00e9 accrue<\/p><\/article>\n<article class=\"col col4\">\n<div class=\"animated-milestone\" data-value=\"4\" data-speed=\"1000\" data-color=\"ef8f6a\">0<\/div>\n<h4>Prix et distinctions<\/h4>\n<p>En plus des certifications techniques<\/p><\/article>\n<\/section>\n<hr \/>\n<section class=\"columns\">\n<article class=\"col col2\">\n<h4>Qu&rsquo;apportent les solutions SAFEDEMAT?<\/h4>\n\n<ul class=\"checklist tick3\">\n<li>Economie de papier et d\u2019affranchissement.<\/li>\n<li>R\u00e9duction des traitements\u00a0(-25% min par rapport aux\u00a0charges d\u2019un traitement papier).<\/li>\n<li>Gain de temps (acheminement postal, acc\u00e9l\u00e9ration des signatures de contrats,\u2026).<\/li>\n<li>Gain en\u00a0visibilit\u00e9 (services disponibles sur internet,\u2026).<\/li>\n<li>Gain de proximit\u00e9 (accessibilit\u00e9 sans se d\u00e9placer).<\/li>\n<li>Gain de transparence (tra\u00e7abilit\u00e9, suivi de dossier).<\/li>\n<li>Gain de productivit\u00e9 (optimisation des processus, gain de qualit\u00e9).<\/li>\n<li>Am\u00e9lioration d\u2019image (moderne, innovant, et \u00e9cologique).<\/li>\n<\/ul><\/article>\n<article class=\"col col2\">\n<h4>Nos Comp\u00e9tences<\/h4>\n<p class=\"progress\"><span class=\"fill\" data-width=\"100\"><span><strong>100%<\/strong> \/ Securit\u00e9<\/span><\/span><\/p>\n<p class=\"progress\"><span class=\"fill\" data-width=\"100\"><span><strong>100%<\/strong> \/ D\u00e9mat\u00e9rialisation<\/span><\/span><\/p>\n<p class=\"progress\"><span class=\"fill\" data-width=\"100\"><span><strong>100%<\/strong> \/ Contractualisation en ligne<\/span><\/span><\/p>\n<p class=\"progress\"><span class=\"fill\" data-width=\"100\"><span><strong>100%<\/strong> \/ Signature \u00e9l\u00e9ctronique<\/span><\/span><\/p>\n<p class=\"progress\"><span class=\"fill\" data-width=\"100\"><span><strong>100%<\/strong> \/ Chiffrement<\/span><\/span><\/p><\/article>\n<\/section>\n<div class=\"full-width-bg purple\"><div class=\"custom-bg bgsIE bg-image\" style=\"background-image: url('https:\/\/www.safedemat.com\/wp-content\/uploads\/2015\/07\/bg-photo-031.jpg');\"><\/div><div class=\"content-container\">\n<div class=\"lead-block\"><h2 class=\"alt\">Nos Valeurs<\/h2><p class=\"muted\">Dans nos g\u00eanes<\/p><\/div>\n<section class=\"columns\">\n<article class=\"col col3\">\n<div class=\"box-icon-left\"><span class=\"fa-stack fa-2x\"><i class=\"fa fa-suitcase fa-stack-1x fa-inverse fa-radius\" style=\"background:#d9c943;\"><\/i><\/span>\n<h4>Expertise<\/h4>\n<p>Plus de 10 ans d\u2019exp\u00e9rience dans la mise en place de projets de s\u00e9curisation,\u00a0de confiance num\u00e9rique, de d\u00e9mat\u00e9rialisation et d&rsquo;eGov.<\/p>\n<\/div><\/article>\n<article class=\"col col3\">\n<div class=\"box-icon-left\"><span class=\"fa-stack fa-2x\"><i class=\"fa fa-arrows-h fa-stack-1x fa-inverse fa-radius\" style=\"background:#74d7f0;\"><\/i><\/span>\n<h4>Flexibilit\u00e9<\/h4>\n<p>Nos solutions sont adaptables pour prendre en compte aussi bien les contraintes techniques de nos clients mais \u00e9galement les contraintes budg\u00e9taires \u00e0\u00a0travers des prix \u00e9tudi\u00e9s et\u00a0la flexibilit\u00e9 des modes de paiement (SaaS, Licence, Location&#8230;)<\/p>\n<\/div><\/article>\n<article class=\"col col3\">\n<div class=\"box-icon-left\"><span class=\"fa-stack fa-2x\"><i class=\"fa fa-lightbulb-o fa-stack-1x fa-inverse fa-radius\" style=\"background:#f5816a;\"><\/i><\/span>\n<h4>Innovation<\/h4>\n<p>Nous op\u00e9rons dans un domaine en perp\u00e9tuel et rapide changement. L&rsquo;innovation dans nos produits n&rsquo;est pas un luxe mais une exigence, afin de garantir \u00e0 nos clients le plus haut niveau de s\u00e9curit\u00e9 possible et ce de mani\u00e8re continue dans le temps.<\/p>\n<\/div><\/article>\n<\/section>\n<\/div><\/div>\n<div class=\"lead-block\"><h2 class=\"alt\">Equipe<\/h2><p class=\"muted\">Nous \u0153uvrerons chaque jour pour votre satisfaction<\/p><\/div>\n<section class=\"columns\">\n<p>SafeDEMAT est un \u00e9diteur de solutions innovantes dans le domaine de la confiance num\u00e9rique et de la d\u00e9mat\u00e9rialisation des proc\u00e9dures. Cr\u00e9\u00e9e en 2012 par deux ing\u00e9nieurs passionn\u00e9s par la confiance num\u00e9rique et la s\u00e9curit\u00e9 informatique (20 ans d\u2019exp\u00e9rience en cumul\u00e9). Aujourd&rsquo;hui\u00a0SafeDemat se compose d&rsquo;un m\u00e9lange entre ing\u00e9nieurs jeunes dynamiques et passionn\u00e9s et d&rsquo;autres plus exp\u00e9riment\u00e9s, encadrant les premiers et cadrants la roadmap de l&rsquo;offre tout en\u00a0garantissant le respects des normes et standards de s\u00e9curit\u00e9 et de qualit\u00e9. L&rsquo;\u00e9quipe commerciale et support partage la m\u00eame culture de l&rsquo;entreprise, celle de l&rsquo;innovation et de la passion.<br \/>\n<\/section>\n<div class=\"full-width-bg white top-border-enabled shadow-enabled\" style=\"padding-top: 48px;padding-bottom: 11px;\"><div class=\"content-container\">\n<h3 align=\"center\">ILS NOUS ONT FAIT CONFIANCE<\/h3>\n<div class=\"lshowcase-clear-both\">&nbsp;<\/div><div class=\"lshowcase-logos\"><div style='display:none;' class='lshowcase-wrap-carousel-0' ><div class=\"lshowcase-slide\"><a href='http:\/\/www.omnidata.ma' target='_blank'><img src='https:\/\/www.safedemat.com\/wp-content\/uploads\/2015\/10\/logo-omnidata-large.png' width='260'  height = '158'  alt='' title='omnidata' class='lshowcase-hover-grayscale' \/><\/a><\/div><div class=\"lshowcase-slide\"><a href='http:\/\/fastpayment-worldwide.com\/' target='_blank'><img src='https:\/\/www.safedemat.com\/wp-content\/uploads\/2015\/08\/fpay-200x138.jpg' width='200'  height = '138'  alt='' title='Fast Payement' class='lshowcase-hover-grayscale' \/><\/a><\/div><div class=\"lshowcase-slide\"><a href='http:\/\/www.sahamassistance.ma\/' target='_blank'><img src='https:\/\/www.safedemat.com\/wp-content\/uploads\/2015\/06\/logo6.png' width='233'  height = '160'  alt='' title='Saham Assistance' class='lshowcase-hover-grayscale' \/><\/a><\/div><div class=\"lshowcase-slide\"><a href='http:\/\/www.arrissala.co.ma' target='_blank'><img src='https:\/\/www.safedemat.com\/wp-content\/uploads\/2015\/11\/al-alam-1.jpg' width='204'  height = '138'  alt='' title='Arrissala' class='lshowcase-hover-grayscale' \/><\/a><\/div><div class=\"lshowcase-slide\"><a href='http:\/\/www.greffe.courdecassation.ma\/' target='_blank'><img src='https:\/\/www.safedemat.com\/wp-content\/uploads\/2015\/06\/logo2.png' width='233'  height = '160'  alt='' title='Cour de cassation' class='lshowcase-hover-grayscale' \/><\/a><\/div><div class=\"lshowcase-slide\"><a href='http:\/\/www.crespo-olives.com\/' target='_blank'><img src='https:\/\/www.safedemat.com\/wp-content\/uploads\/2015\/06\/crespo.jpg' width='233'  height = '160'  alt='' title='Crespo' class='lshowcase-hover-grayscale' \/><\/a><\/div><div class=\"lshowcase-slide\"><a href='http:\/\/www.aidassurances.ma\/' target='_blank'><img src='https:\/\/www.safedemat.com\/wp-content\/uploads\/2015\/06\/aid.jpg' width='233'  height = '160'  alt='' title='Alliance International d&rsquo;assurance' class='lshowcase-hover-grayscale' \/><\/a><\/div><div class=\"lshowcase-slide\"><a href='http:\/\/www.ompic.org.ma\/fr' target='_blank'><img src='https:\/\/www.safedemat.com\/wp-content\/uploads\/2015\/06\/ompic.jpg' width='233'  height = '160'  alt='' title='OMPIC' class='lshowcase-hover-grayscale' \/><\/a><\/div><div class=\"lshowcase-slide\"><a href='http:\/\/www.poste.ma\/' target='_blank'><img src='https:\/\/www.safedemat.com\/wp-content\/uploads\/2015\/06\/logo1.png' width='233'  height = '160'  alt='' title='Barid Al Maghreb' class='lshowcase-hover-grayscale' \/><\/a><\/div><div class=\"lshowcase-slide\"><a href='http:\/\/www.ifplast.com\/index.html' target='_blank'><img src='https:\/\/www.safedemat.com\/wp-content\/uploads\/2015\/06\/logo32.png' width='233'  height = '160'  alt='' title='Ifriquia Plastic' class='lshowcase-hover-grayscale' \/><\/a><\/div><div class=\"lshowcase-slide\"><a href='http:\/\/www.sotemag.com\/' target='_blank'><img src='https:\/\/www.safedemat.com\/wp-content\/uploads\/2015\/06\/softmag.jpg' width='233'  height = '160'  alt='' title='Sotemag' class='lshowcase-hover-grayscale' \/><\/a><\/div><div class=\"lshowcase-slide\"><a href='http:\/\/www.mcinet.gov.ma\/Pages\/default.aspx' target='_blank'><img src='https:\/\/www.safedemat.com\/wp-content\/uploads\/2015\/06\/logo5.png' width='233'  height = '160'  alt='' title='Minist\u00e8re de l&rsquo;industrie commerce, de l&rsquo;investissement et de l&rsquo;Economie num\u00e9rique' class='lshowcase-hover-grayscale' \/><\/a><\/div><div class=\"lshowcase-slide\"><img src='https:\/\/www.safedemat.com\/wp-content\/uploads\/2015\/06\/logo4.png' width='233'  height = '160'  alt='' title='FIPAR' class='lshowcase-hover-grayscale' \/><\/div><div class=\"lshowcase-slide\"><a href='https:\/\/www.finances.gov.ma' target='_blank'><img src='https:\/\/www.safedemat.com\/wp-content\/uploads\/2018\/07\/PSMINSTERE-233x160.png' width='233'  height = '160'  alt='' title='Minist\u00e8re de l&rsquo;Economie et des Finances' class='lshowcase-hover-grayscale' \/><\/a><\/div><div class=\"lshowcase-slide\"><a href='http:\/\/rifso.tech\/' target='_blank'><img src='https:\/\/www.safedemat.com\/wp-content\/uploads\/2019\/03\/Hlogo-320x147.jpg' width='320'  height = '147'  alt='' title='RIFSO' class='lshowcase-hover-grayscale' \/><\/a><\/div><div class=\"lshowcase-slide\"><a href='http:\/\/www.cspj.ma\/' target='_blank'><img src='https:\/\/www.safedemat.com\/wp-content\/uploads\/2019\/03\/LOGO-224x160.png' width='224'  height = '160'  alt='' title='Conseil sup\u00e9rieur du pouvoir judiciaire' class='lshowcase-hover-grayscale' \/><\/a><\/div><div class=\"lshowcase-slide\"><img src='https:\/\/www.safedemat.com\/wp-content\/uploads\/2025\/12\/radem.png' width='233'  height = '160'  alt='' title='Radem' class='lshowcase-hover-grayscale' \/><\/div><div class=\"lshowcase-slide\"><img src='https:\/\/www.safedemat.com\/wp-content\/uploads\/2025\/12\/cdgInvest.png' width='233'  height = '160'  alt='' title='cdg invest' class='lshowcase-hover-grayscale' \/><\/div><div class=\"lshowcase-slide\"><img src='https:\/\/www.safedemat.com\/wp-content\/uploads\/2025\/12\/radee-taza.png' width='233'  height = '160'  alt='' title='radeee taza' class='lshowcase-hover-grayscale' \/><\/div><div class=\"lshowcase-slide\"><img src='https:\/\/www.safedemat.com\/wp-content\/uploads\/2025\/12\/AdministrationDouanesImpotsIndirects.png' width='233'  height = '160'  alt='' title='Administration des Douanes et Imp\u00f4ts Indirects' class='lshowcase-hover-grayscale' \/><\/div><div class=\"lshowcase-slide\"><img src='https:\/\/www.safedemat.com\/wp-content\/uploads\/2025\/12\/Total.png' width='233'  height = '160'  alt='' title='Total' class='lshowcase-hover-grayscale' \/><\/div><div class=\"lshowcase-slide\"><img src='https:\/\/www.safedemat.com\/wp-content\/uploads\/2025\/12\/hauteAutoriteCommunicationAudiovisuelle.png' width='233'  height = '160'  alt='' title='haute autorit\u00e9 de la communication audiovisuelle' class='lshowcase-hover-grayscale' \/><\/div><div class=\"lshowcase-slide\"><img src='https:\/\/www.safedemat.com\/wp-content\/uploads\/2025\/12\/odco.png' width='233'  height = '160'  alt='' title='odco' class='lshowcase-hover-grayscale' \/><\/div><div class=\"lshowcase-slide\"><a href='http:\/\/www.cdg.ma\/' target='_blank'><img src='https:\/\/www.safedemat.com\/wp-content\/uploads\/2018\/07\/psCDG-233x160.png' width='233'  height = '160'  alt='' title='Caisse de D\u00e9p\u00f4t et de Gestion' class='lshowcase-hover-grayscale' \/><\/a><\/div><\/div><\/div><div class=\"lshowcase-clear-both\">&nbsp;<\/div>\n<\/div><\/div>\n<section class=\"hp-intro full-width-bg no-bottom-margin no-top-margin\">\n\t<div class=\"custom-bg p01\"><\/div>\n\t<div class=\"content-container\">\n<p class=\"slogan\"> Pour toute demande d\u2019information compl\u00e9mentaire<\/p>\n<p class=\"cta\"><a href=\"https:\/\/www.safedemat.com\/?page_id=953\" class=\"btn large green\">CONTACTEZ-NOUS<\/a><\/p>\n<\/div>\n<\/section>","protected":false},"excerpt":{"rendered":"<p>SafeDEMAT est un \u00e9diteur de solutions innovantes dans le domaine de la confiance num\u00e9rique et de la d\u00e9mat\u00e9rialisation des proc\u00e9dures. Cr\u00e9\u00e9e en 2012 par deux ing\u00e9nieurs passionn\u00e9s par la confiance num\u00e9rique et la s\u00e9curit\u00e9 informatique (20 ans d\u2019exp\u00e9rience en cumul\u00e9). Aujourd&rsquo;hui\u00a0SafeDemat se compose d&rsquo;un m\u00e9lange entre ing\u00e9nieurs jeunes dynamiques et passionn\u00e9s et d&rsquo;autres plus exp\u00e9riment\u00e9s, [&hellip;]<\/p>\n","protected":false},"author":1,"featured_media":0,"parent":0,"menu_order":0,"comment_status":"0","ping_status":"open","template":"","meta":{"footnotes":""},"class_list":["post-859","page","type-page","status-publish","hentry"],"_links":{"self":[{"href":"https:\/\/www.safedemat.com\/index.php?rest_route=\/wp\/v2\/pages\/859","targetHints":{"allow":["GET"]}}],"collection":[{"href":"https:\/\/www.safedemat.com\/index.php?rest_route=\/wp\/v2\/pages"}],"about":[{"href":"https:\/\/www.safedemat.com\/index.php?rest_route=\/wp\/v2\/types\/page"}],"author":[{"embeddable":true,"href":"https:\/\/www.safedemat.com\/index.php?rest_route=\/wp\/v2\/users\/1"}],"replies":[{"embeddable":true,"href":"https:\/\/www.safedemat.com\/index.php?rest_route=%2Fwp%2Fv2%2Fcomments&post=859"}],"version-history":[{"count":77,"href":"https:\/\/www.safedemat.com\/index.php?rest_route=\/wp\/v2\/pages\/859\/revisions"}],"predecessor-version":[{"id":4771,"href":"https:\/\/www.safedemat.com\/index.php?rest_route=\/wp\/v2\/pages\/859\/revisions\/4771"}],"wp:attachment":[{"href":"https:\/\/www.safedemat.com\/index.php?rest_route=%2Fwp%2Fv2%2Fmedia&parent=859"}],"curies":[{"name":"wp","href":"https:\/\/api.w.org\/{rel}","templated":true}]}}