{"id":953,"date":"2014-04-08T06:58:08","date_gmt":"2014-04-08T06:58:08","guid":{"rendered":"http:\/\/safedemat.com\/converio\/?page_id=953"},"modified":"2015-10-02T00:52:45","modified_gmt":"2015-10-02T00:52:45","slug":"contact-2","status":"publish","type":"page","link":"https:\/\/www.safedemat.com\/?page_id=953","title":{"rendered":"Contact"},"content":{"rendered":"<h4>Prenez contact avec nous<\/h4>\n<p>D\u00e9marrez votre projet de d\u00e9mat\u00e9rialisation avec nous. Nous serions ravis r\u00e9pondre \u00e0 vos besoins.","protected":false},"excerpt":{"rendered":"<p>Prenez contact avec nous D\u00e9marrez votre projet de d\u00e9mat\u00e9rialisation avec nous. Nous serions ravis r\u00e9pondre \u00e0 vos besoins.<\/p>\n","protected":false},"author":1,"featured_media":0,"parent":0,"menu_order":0,"comment_status":"0","ping_status":"open","template":"contact-fullwidth-map.php","meta":{"footnotes":""},"class_list":["post-953","page","type-page","status-publish","hentry"],"_links":{"self":[{"href":"https:\/\/www.safedemat.com\/index.php?rest_route=\/wp\/v2\/pages\/953","targetHints":{"allow":["GET"]}}],"collection":[{"href":"https:\/\/www.safedemat.com\/index.php?rest_route=\/wp\/v2\/pages"}],"about":[{"href":"https:\/\/www.safedemat.com\/index.php?rest_route=\/wp\/v2\/types\/page"}],"author":[{"embeddable":true,"href":"https:\/\/www.safedemat.com\/index.php?rest_route=\/wp\/v2\/users\/1"}],"replies":[{"embeddable":true,"href":"https:\/\/www.safedemat.com\/index.php?rest_route=%2Fwp%2Fv2%2Fcomments&post=953"}],"version-history":[{"count":6,"href":"https:\/\/www.safedemat.com\/index.php?rest_route=\/wp\/v2\/pages\/953\/revisions"}],"predecessor-version":[{"id":4984,"href":"https:\/\/www.safedemat.com\/index.php?rest_route=\/wp\/v2\/pages\/953\/revisions\/4984"}],"wp:attachment":[{"href":"https:\/\/www.safedemat.com\/index.php?rest_route=%2Fwp%2Fv2%2Fmedia&parent=953"}],"curies":[{"name":"wp","href":"https:\/\/api.w.org\/{rel}","templated":true}]}}